{"id":5,"date":"2014-05-24T05:41:04","date_gmt":"2014-05-24T05:41:04","guid":{"rendered":"http:\/\/aksehirgrup.com\/v2\/?page_id=5"},"modified":"2014-05-28T08:05:21","modified_gmt":"2014-05-28T08:05:21","slug":"yem","status":"publish","type":"page","link":"https:\/\/aksehirgrup.com\/v2\/tr\/yem\/","title":{"rendered":"Yem"},"content":{"rendered":"<p>AKYEM\u00a042 y\u0131ll\u0131k yolculu\u011funda, sahip oldu\u011fu de\u011ferler ve geli\u015fen teknolojinin takibiyle, T\u00fcrkiye\u2019de bir\u00e7ok ilke imza atarak sekt\u00f6r\u00fcnde \u00f6nc\u00fc ve her zaman yenilenen bir \u015firket profili elde etmi\u015ftir. Kaliteden \u00f6d\u00fcn vermeyerek sa\u011flad\u0131\u011f\u0131 istikrar ile ba\u015far\u0131l\u0131 ve sa\u011flam ad\u0131mlarla ilerlemesini devam ettirmektedir. AKYEM, \u00f6zveri ve d\u00fcr\u00fcst \u00e7al\u0131\u015fma prensiplerini benimseyerek, m\u00fc\u015fteri g\u00fcveninin sa\u011flanmas\u0131, s\u00fcrekli geli\u015fim ve d\u00fcnya standartlar\u0131na uyum ilkeleriyle kalitede sa\u011flad\u0131\u011f\u0131 istikrar\u0131 ve yat\u0131r\u0131mlar\u0131n\u0131 s\u00fcrd\u00fcrmeyi hedeflemektedir.<\/p>\n<hr \/>\n<p>&nbsp;<\/p>\n<h2 style=\"text-align: center;\">AKYEM \u00dcR\u00dcN GRUPLARI<\/h2>\n<p style=\"text-align: center;\"><div class=\"su-row\">\n<div class=\"su-column su-column-size-1-2\"><div class=\"su-column-inner su-clearfix\"> <a title=\"Buza\u011f\u0131 Yemleri\" href=\"http:\/\/aksehirgrup.com\/v2\/yem\/buzagi\/\">BUZA\u011eI YEMLER\u0130<\/a> <\/div><\/div>\n<div class=\"su-column su-column-size-1-2\"><div class=\"su-column-inner su-clearfix\"> <a title=\"S\u00fct Yemleri\" href=\"http:\/\/aksehirgrup.com\/v2\/yem\/sut\/\">S\u00dcT YEMLER\u0130<\/a> <\/div><\/div>\n<\/div>\n<div class=\"su-row\">\n<div class=\"su-column su-column-size-1-2\"><div class=\"su-column-inner su-clearfix\"> <a title=\"Besi Yemleri\" href=\"http:\/\/aksehirgrup.com\/v2\/yem\/besi\/\">BES\u0130 YEMLER\u0130<\/a> <\/div><\/div>\n<div class=\"su-column su-column-size-1-2\"><div class=\"su-column-inner su-clearfix\"> <a title=\"K\u00fc\u00e7\u00fckba\u015f Yemleri\" href=\"http:\/\/aksehirgrup.com\/v2\/yem\/kucukbas\/\">K\u00dc\u00c7\u00dcKBA\u015e YEMLER\u0130<\/a> <\/div><\/div>\n<\/div>\n","protected":false},"excerpt":{"rendered":"<p>AKYEM\u00a042 y\u0131ll\u0131k yolculu\u011funda, sahip oldu\u011fu de\u011ferler ve geli\u015fen teknolojinin takibiyle, T\u00fcrkiye\u2019de bir\u00e7ok ilke imza atarak sekt\u00f6r\u00fcnde \u00f6nc\u00fc ve her zaman yenilenen bir \u015firket profili elde etmi\u015ftir. Kaliteden \u00f6d\u00fcn vermeyerek sa\u011flad\u0131\u011f\u0131 istikrar ile ba\u015far\u0131l\u0131 ve sa\u011flam ad\u0131mlarla ilerlemesini devam ettirmektedir. AKYEM, \u00f6zveri ve d\u00fcr\u00fcst \u00e7al\u0131\u015fma prensiplerini benimseyerek, m\u00fc\u015fteri g\u00fcveninin sa\u011flanmas\u0131, s\u00fcrekli geli\u015fim ve d\u00fcnya standartlar\u0131na uyum [&hellip;]<\/p>\n","protected":false},"author":1,"featured_media":210,"parent":0,"menu_order":10,"comment_status":"open","ping_status":"closed","template":"","meta":[],"_links":{"self":[{"href":"https:\/\/aksehirgrup.com\/v2\/en\/wp-json\/wp\/v2\/pages\/5"}],"collection":[{"href":"https:\/\/aksehirgrup.com\/v2\/en\/wp-json\/wp\/v2\/pages"}],"about":[{"href":"https:\/\/aksehirgrup.com\/v2\/en\/wp-json\/wp\/v2\/types\/page"}],"author":[{"embeddable":true,"href":"https:\/\/aksehirgrup.com\/v2\/en\/wp-json\/wp\/v2\/users\/1"}],"replies":[{"embeddable":true,"href":"https:\/\/aksehirgrup.com\/v2\/en\/wp-json\/wp\/v2\/comments?post=5"}],"version-history":[{"count":9,"href":"https:\/\/aksehirgrup.com\/v2\/en\/wp-json\/wp\/v2\/pages\/5\/revisions"}],"predecessor-version":[{"id":201,"href":"https:\/\/aksehirgrup.com\/v2\/en\/wp-json\/wp\/v2\/pages\/5\/revisions\/201"}],"wp:featuredmedia":[{"embeddable":true,"href":"https:\/\/aksehirgrup.com\/v2\/en\/wp-json\/wp\/v2\/media\/210"}],"wp:attachment":[{"href":"https:\/\/aksehirgrup.com\/v2\/en\/wp-json\/wp\/v2\/media?parent=5"}],"curies":[{"name":"wp","href":"https:\/\/api.w.org\/{rel}","templated":true}]}}